{"id":1056,"date":"2021-04-16T14:06:46","date_gmt":"2021-04-16T19:06:46","guid":{"rendered":"http:\/\/107.190.140.202\/~drupalucnccom\/wordpress\/?page_id=1056"},"modified":"2021-04-16T17:54:53","modified_gmt":"2021-04-16T22:54:53","slug":"biometria","status":"publish","type":"page","link":"http:\/\/107.190.140.202\/~drupalucnccom\/wordpress\/?page_id=1056","title":{"rendered":"Biometr\u00eda"},"content":{"rendered":"<p>[et_pb_section fb_built=\u00bb1&#8243; fullwidth=\u00bbon\u00bb _builder_version=\u00bb4.9.3&#8243; _module_preset=\u00bbdefault\u00bb min_height=\u00bb533px\u00bb custom_margin=\u00bb||||false|false\u00bb custom_padding=\u00bb||||false|false\u00bb bottom_divider_color=\u00bb#FFFFFF\u00bb][et_pb_fullwidth_slider admin_label=\u00bbControl deslizante de anchura completa\u00bb _builder_version=\u00bb4.9.4&#8243; _module_preset=\u00bbdefault\u00bb header_font=\u00bbMontserrat|700|||||||\u00bb background_image=\u00bbhttp:\/\/107.190.140.202\/~drupalucnccom\/wordpress\/wp-content\/uploads\/2021\/01\/NOTARIOS-DE-COLOMBIA-1.jpg\u00bb background_size=\u00bbinitial\u00bb background_position=\u00bbtop_left\u00bb min_height=\u00bb611px\u00bb height=\u00bb645px\u00bb max_height=\u00bb636px\u00bb custom_margin=\u00bb-196px||-9px||false|false\u00bb custom_padding=\u00bb||||false|false\u00bb hover_enabled=\u00bb0&#8243; sticky_enabled=\u00bb0&#8243; header_text_color=\u00bb#8a0c02&#8243; header_text_shadow_style=\u00bbpreset2&#8243;][et_pb_slide _builder_version=\u00bb4.9.4&#8243; _module_preset=\u00bbdefault\u00bb hover_enabled=\u00bb0&#8243; sticky_transition=\u00bbon\u00bb heading=\u00bbBiometr\u00eda\u00bb sticky_enabled=\u00bb0&#8243; custom_padding=\u00bb376px||||false|false\u00bb header_font_size=\u00bb50px\u00bb][\/et_pb_slide][\/et_pb_fullwidth_slider][\/et_pb_section][et_pb_section fb_built=\u00bb1&#8243; _builder_version=\u00bb4.9.3&#8243; _module_preset=\u00bbdefault\u00bb custom_margin=\u00bb-5px||-34px||false|false\u00bb custom_padding=\u00bb0px||0px||false|false\u00bb][et_pb_row column_structure=\u00bb2_5,3_5&#8243; use_custom_gutter=\u00bbon\u00bb gutter_width=\u00bb1&#8243; _builder_version=\u00bb4.9.4&#8243; _module_preset=\u00bbdefault\u00bb width=\u00bb100%\u00bb max_width=\u00bb1231px\u00bb custom_margin=\u00bb52px|auto||auto|false|false\u00bb custom_padding=\u00bb2px||2px|||\u00bb hover_enabled=\u00bb0&#8243; sticky_enabled=\u00bb0&#8243;][et_pb_column type=\u00bb2_5&#8243; _builder_version=\u00bb4.9.4&#8243; _module_preset=\u00bbdefault\u00bb custom_padding=\u00bb|||0px|false|false\u00bb hover_enabled=\u00bb0&#8243; admin_label=\u00bbColumna\u00bb sticky_enabled=\u00bb0&#8243;][et_pb_text _builder_version=\u00bb4.9.4&#8243; _module_preset=\u00bbdefault\u00bb text_font=\u00bbMontserrat|700|||||||\u00bb text_text_color=\u00bb#8c0c02&#8243; text_font_size=\u00bb50px\u00bb text_line_height=\u00bb1em\u00bb custom_margin=\u00bb-83px||||false|false\u00bb hover_enabled=\u00bb0&#8243; text_text_shadow_style=\u00bbpreset1&#8243; sticky_enabled=\u00bb0&#8243;]<\/p>\n<p>Manuales Proyecto Biom\u00e9trico<\/p>\n<p>[\/et_pb_text][et_pb_blurb content_max_width=\u00bb1100px\u00bb _builder_version=\u00bb4.9.3&#8243; _module_preset=\u00bbdefault\u00bb header_font=\u00bbMontserrat|700|||||||\u00bb header_text_color=\u00bb#9e0000&#8243; header_font_size=\u00bb40px\u00bb header_line_height=\u00bb1.9em\u00bb body_font=\u00bbMontserrat||||||||\u00bb body_text_color=\u00bb#727272&#8243; body_font_size=\u00bb20px\u00bb custom_margin=\u00bb41px||-11px||false|false\u00bb custom_padding=\u00bb||47px|||\u00bb header_text_shadow_style=\u00bbpreset2&#8243;]<\/p>\n<p>Encuentre aqu\u00ed toda la informaci\u00f3n y videos respectivos a conferencias y capacitaciones dictadas por la \u00abU.C.N.C.\u00bb.<\/p>\n<p>[\/et_pb_blurb][\/et_pb_column][et_pb_column type=\u00bb3_5&#8243; _builder_version=\u00bb4.9.3&#8243; _module_preset=\u00bbdefault\u00bb custom_padding=\u00bb|||0px|false|false\u00bb][et_pb_video_slider controls_color=\u00bbdark\u00bb _builder_version=\u00bb4.9.4&#8243; _module_preset=\u00bbdefault\u00bb custom_margin=\u00bb-150px||||false|false\u00bb hover_enabled=\u00bb0&#8243; border_radii=\u00bboff||20px||20px\u00bb box_shadow_style=\u00bbpreset1&#8243; show_thumbnails=\u00bboff\u00bb sticky_enabled=\u00bb0&#8243;][et_pb_video_slider_item src=\u00bbhttps:\/\/youtu.be\/QM2xIO1Lb1s\u00bb _builder_version=\u00bb4.9.4&#8243; _module_preset=\u00bbdefault\u00bb hover_enabled=\u00bb0&#8243; show_image_overlay=\u00bboff\u00bb sticky_enabled=\u00bb0&#8243;][\/et_pb_video_slider_item][et_pb_video_slider_item src=\u00bbhttps:\/\/youtu.be\/exQ93U5glTg\u00bb _builder_version=\u00bb4.9.4&#8243; _module_preset=\u00bbdefault\u00bb hover_enabled=\u00bb0&#8243; show_image_overlay=\u00bboff\u00bb background_layout=\u00bblight\u00bb sticky_enabled=\u00bb0&#8243;][\/et_pb_video_slider_item][\/et_pb_video_slider][\/et_pb_column][\/et_pb_row][\/et_pb_section][et_pb_section fb_built=\u00bb1&#8243; next_background_color=\u00bb#ffffff\u00bb _builder_version=\u00bb4.9.3&#8243; _module_preset=\u00bbdefault\u00bb background_image=\u00bbhttp:\/\/107.190.140.202\/~drupalucnccom\/wordpress\/wp-content\/uploads\/2021\/04\/notariado-colombiano-2.jpg\u00bb parallax=\u00bbon\u00bb custom_margin=\u00bb-19px|||||\u00bb custom_padding=\u00bb6px||134px|||\u00bb top_divider_style=\u00bbarrow2&#8243; top_divider_color=\u00bb#FFFFFF\u00bb top_divider_height=\u00bb54px\u00bb bottom_divider_style=\u00bbslant2&#8243; bottom_divider_height=\u00bb112px\u00bb][et_pb_row _builder_version=\u00bb4.9.4&#8243; _module_preset=\u00bbdefault\u00bb custom_margin=\u00bb89px|auto||auto|false|false\u00bb custom_padding=\u00bb1px||2px|||\u00bb hover_enabled=\u00bb0&#8243; column_structure=\u00bb1_2,1_2&#8243; use_custom_gutter=\u00bbon\u00bb gutter_width=\u00bb1&#8243; make_equal=\u00bbon\u00bb width=\u00bb100%\u00bb max_width=\u00bb1920px\u00bb module_alignment=\u00bbcenter\u00bb sticky_enabled=\u00bb0&#8243; box_shadow_style=\u00bbpreset1&#8243;][et_pb_column type=\u00bb1_2&#8243; _builder_version=\u00bb4.9.4&#8243; _module_preset=\u00bbdefault\u00bb hover_enabled=\u00bb0&#8243; title_text=\u00bbNOTARIOS-DE-COLOMBIA\u00bb background_image=\u00bbhttp:\/\/107.190.140.202\/~drupalucnccom\/wordpress\/wp-content\/uploads\/2021\/01\/NOTARIOS-DE-COLOMBIA-1.jpg\u00bb sticky_enabled=\u00bb0&#8243; custom_padding=\u00bb62px||70px||false|false\u00bb][et_pb_blurb title=\u00bbSoftware y controladores\u00bb _builder_version=\u00bb4.9.4&#8243; _module_preset=\u00bbdefault\u00bb hover_enabled=\u00bb0&#8243; sticky_enabled=\u00bb0&#8243; header_font=\u00bbMontserrat|700|||||||\u00bb body_font=\u00bbMontserrat||||||||\u00bb body_font_size=\u00bb18px\u00bb header_font_size=\u00bb40px\u00bb header_text_color=\u00bb#9e1912&#8243; header_text_shadow_style=\u00bbpreset2&#8243; custom_margin=\u00bb13px|||||\u00bb]<\/p>\n<p>Encuentre aqu\u00ed todos los softwares y controladores necesarios para la operaci\u00f3n de sus dispositivos biom\u00e9tricos.<\/p>\n<p>[\/et_pb_blurb][et_pb_button button_text=\u00bbVer lista\u00bb _builder_version=\u00bb4.9.4&#8243; _module_preset=\u00bbdefault\u00bb custom_margin=\u00bb20px|||200px|false|false\u00bb custom_button=\u00bbon\u00bb button_text_size=\u00bb25px\u00bb button_bg_color=\u00bb#930000&#8243; button_bg_enable_color=\u00bbon\u00bb button_font=\u00bbMontserrat||||||||\u00bb button_border_color=\u00bb#FFFFFF\u00bb button_border_radius=\u00bb31px\u00bb button_border_width=\u00bb0px\u00bb button_text_color=\u00bb#FFFFFF\u00bb box_shadow_style=\u00bbpreset4&#8243; box_shadow_blur=\u00bb5px\u00bb box_shadow_spread=\u00bb-3px\u00bb button_text_shadow_style=\u00bbpreset1&#8243; hover_enabled=\u00bb0&#8243; sticky_enabled=\u00bb0&#8243;][\/et_pb_button][\/et_pb_column][et_pb_column type=\u00bb1_2&#8243; _builder_version=\u00bb4.9.4&#8243; _module_preset=\u00bbdefault\u00bb hover_enabled=\u00bb0&#8243; title_text=\u00bbMesa de trabajo 5 copia 3-100&#8243; background_image=\u00bbhttp:\/\/107.190.140.202\/~drupalucnccom\/wordpress\/wp-content\/uploads\/2021\/04\/Mesa-de-trabajo-5-copia-3-100.jpg\u00bb sticky_enabled=\u00bb0&#8243; custom_padding=\u00bb56px||||false|false\u00bb][et_pb_blurb title=\u00bbListado de notar\u00edas certificadas\u00bb _builder_version=\u00bb4.9.4&#8243; _module_preset=\u00bbdefault\u00bb hover_enabled=\u00bb0&#8243; sticky_enabled=\u00bb0&#8243; header_font=\u00bbMontserrat|700|||||||\u00bb body_font=\u00bbMontserrat||||||||\u00bb body_font_size=\u00bb18px\u00bb header_font_size=\u00bb40px\u00bb header_text_color=\u00bb#FFFFFF\u00bb header_text_shadow_style=\u00bbpreset2&#8243; custom_margin=\u00bb6px|||||\u00bb locked=\u00bboff\u00bb body_text_color=\u00bb#FFFFFF\u00bb]<\/p>\n<p>por la Superintendencia de Notariado y Registro para la prestaci\u00f3n del servicio de Biometr\u00eda.<\/p>\n<p>[\/et_pb_blurb][et_pb_button button_text=\u00bbVer lista\u00bb _builder_version=\u00bb4.9.4&#8243; _module_preset=\u00bbdefault\u00bb custom_margin=\u00bb20px|||200px|false|false\u00bb custom_button=\u00bbon\u00bb button_text_size=\u00bb25px\u00bb button_bg_color=\u00bb#930000&#8243; button_bg_enable_color=\u00bbon\u00bb button_font=\u00bbMontserrat||||||||\u00bb button_border_color=\u00bb#FFFFFF\u00bb button_border_radius=\u00bb31px\u00bb button_border_width=\u00bb0px\u00bb button_text_color=\u00bb#FFFFFF\u00bb box_shadow_style=\u00bbpreset4&#8243; box_shadow_blur=\u00bb5px\u00bb box_shadow_spread=\u00bb-3px\u00bb button_text_shadow_style=\u00bbpreset1&#8243; hover_enabled=\u00bb0&#8243; sticky_enabled=\u00bb0&#8243; locked=\u00bboff\u00bb][\/et_pb_button][\/et_pb_column][\/et_pb_row][\/et_pb_section][et_pb_section fb_built=\u00bb1&#8243; _builder_version=\u00bb4.9.3&#8243; _module_preset=\u00bbdefault\u00bb custom_padding=\u00bb0px||36px|||\u00bb][et_pb_row column_structure=\u00bb1_2,1_2&#8243; use_custom_gutter=\u00bbon\u00bb gutter_width=\u00bb1&#8243; _builder_version=\u00bb4.9.3&#8243; _module_preset=\u00bbdefault\u00bb custom_margin=\u00bb0px|auto||auto||\u00bb custom_padding=\u00bb2px||12px|||\u00bb locked=\u00bboff\u00bb][et_pb_column type=\u00bb1_2&#8243; _builder_version=\u00bb4.9.3&#8243; _module_preset=\u00bbdefault\u00bb custom_padding=\u00bb|||0px|false|false\u00bb][et_pb_blurb title=\u00bbS\u00edganos en YouTube\u00bb content_max_width=\u00bb1100px\u00bb _builder_version=\u00bb4.9.3&#8243; _module_preset=\u00bbdefault\u00bb header_font=\u00bbMontserrat|700|||||||\u00bb header_text_align=\u00bbleft\u00bb header_text_color=\u00bb#8e0c02&#8243; header_font_size=\u00bb50px\u00bb header_line_height=\u00bb1.1em\u00bb body_font=\u00bbMontserrat||||||||\u00bb body_font_size=\u00bb18px\u00bb max_height=\u00bb1000px\u00bb custom_margin=\u00bb18px|||||\u00bb header_text_shadow_style=\u00bbpreset2&#8243;]<\/p>\n<p>Y encuentre las grabaciones de todas nuestras capacitaciones.<\/p>\n<p>[\/et_pb_blurb][\/et_pb_column][et_pb_column type=\u00bb1_2&#8243; _builder_version=\u00bb4.9.3&#8243; _module_preset=\u00bbdefault\u00bb][et_pb_button button_text=\u00bbIr al Canal\u00bb button_alignment=\u00bbcenter\u00bb _builder_version=\u00bb4.9.3&#8243; _module_preset=\u00bbdefault\u00bb custom_button=\u00bbon\u00bb button_text_size=\u00bb32px\u00bb button_text_color=\u00bb#FFFFFF\u00bb button_bg_color=\u00bb#8c0c02&#8243; button_border_width=\u00bb0px\u00bb button_border_radius=\u00bb20px\u00bb button_font=\u00bbMontserrat||||||||\u00bb custom_margin=\u00bb29px||||false|false\u00bb box_shadow_style=\u00bbpreset2&#8243;][\/et_pb_button][\/et_pb_column][\/et_pb_row][\/et_pb_section][et_pb_section fb_built=\u00bb1&#8243; prev_background_color=\u00bb#ffffff\u00bb _builder_version=\u00bb4.9.3&#8243; _module_preset=\u00bbdefault\u00bb background_image=\u00bbhttp:\/\/107.190.140.202\/~drupalucnccom\/wordpress\/wp-content\/uploads\/2021\/04\/PAGINA-WEB-UCNC.jpg\u00bb custom_padding=\u00bb||2px|||\u00bb top_divider_style=\u00bbslant2&#8243; global_module=\u00bb266&#8243; saved_tabs=\u00bball\u00bb][et_pb_row column_structure=\u00bb1_2,1_2&#8243; _builder_version=\u00bb4.7.4&#8243; _module_preset=\u00bbdefault\u00bb custom_padding=\u00bb8px|||||\u00bb][et_pb_column type=\u00bb1_2&#8243; _builder_version=\u00bb4.7.4&#8243; _module_preset=\u00bbdefault\u00bb][et_pb_blurb title=\u00bbTel\u00e9fono\u00bb use_icon=\u00bbon\u00bb font_icon=\u00bb%%264%%\u00bb icon_color=\u00bb#FFFFFF\u00bb use_circle=\u00bbon\u00bb circle_color=\u00bb#c60000&#8243; use_circle_border=\u00bbon\u00bb circle_border_color=\u00bb#FFFFFF\u00bb icon_placement=\u00bbleft\u00bb use_icon_font_size=\u00bbon\u00bb icon_font_size=\u00bb25px\u00bb _builder_version=\u00bb4.7.4&#8243; _module_preset=\u00bbdefault\u00bb header_font=\u00bbMontserrat|700|||||||\u00bb header_text_color=\u00bb#FFFFFF\u00bb header_font_size=\u00bb20px\u00bb body_font=\u00bbMontserrat|300|||||||\u00bb body_text_color=\u00bb#FFFFFF\u00bb body_font_size=\u00bb20px\u00bb]<\/p>\n<p>(1) 7 46 40 40<\/p>\n<p>[\/et_pb_blurb][et_pb_blurb title=\u00bbL\u00ednea gratuita nacional\u00bb use_icon=\u00bbon\u00bb font_icon=\u00bb%%132%%\u00bb icon_color=\u00bb#FFFFFF\u00bb use_circle=\u00bbon\u00bb circle_color=\u00bb#c60000&#8243; use_circle_border=\u00bbon\u00bb circle_border_color=\u00bb#FFFFFF\u00bb icon_placement=\u00bbleft\u00bb use_icon_font_size=\u00bbon\u00bb icon_font_size=\u00bb25px\u00bb _builder_version=\u00bb4.7.4&#8243; _module_preset=\u00bbdefault\u00bb header_font=\u00bbMontserrat|700|||||||\u00bb header_text_color=\u00bb#FFFFFF\u00bb header_font_size=\u00bb20px\u00bb body_font=\u00bbMontserrat|300|||||||\u00bb body_text_color=\u00bb#FFFFFF\u00bb body_font_size=\u00bb20px\u00bb]<\/p>\n<p>01 8000 180 245<\/p>\n<p>[\/et_pb_blurb][et_pb_blurb title=\u00bbDirecci\u00f3n\u00bb use_icon=\u00bbon\u00bb font_icon=\u00bb%%249%%\u00bb icon_color=\u00bb#FFFFFF\u00bb use_circle=\u00bbon\u00bb circle_color=\u00bb#c60000&#8243; use_circle_border=\u00bbon\u00bb circle_border_color=\u00bb#FFFFFF\u00bb icon_placement=\u00bbleft\u00bb use_icon_font_size=\u00bbon\u00bb icon_font_size=\u00bb25px\u00bb _builder_version=\u00bb4.7.4&#8243; _module_preset=\u00bbdefault\u00bb header_font=\u00bbMontserrat|700|||||||\u00bb header_text_color=\u00bb#FFFFFF\u00bb header_font_size=\u00bb20px\u00bb body_font=\u00bbMontserrat|300|||||||\u00bb body_text_color=\u00bb#FFFFFF\u00bb body_font_size=\u00bb20px\u00bb]<\/p>\n<p>Cra 97 No. 97-20- Bogot\u00e1 D.C.<\/p>\n<p>[\/et_pb_blurb][et_pb_text _builder_version=\u00bb4.7.4&#8243; _module_preset=\u00bbdefault\u00bb max_width=\u00bb500px\u00bb min_height=\u00bb150px\u00bb height=\u00bb100px\u00bb box_shadow_style=\u00bbpreset2&#8243;]<iframe loading=\"lazy\" src=\"https:\/\/www.google.com\/maps\/embed?pb=!1m18!1m12!1m3!1d3976.523635815524!2d-74.04406618467445!3d4.6786521431496775!2m3!1f0!2f0!3f0!3m2!1i1024!2i768!4f13.1!3m3!1m2!1s0x8e3f9fbaf7fec543%3A0x60b77c60d5ffd909!2sUNI%C3%93N%20COLEGIADA%20DEL%20NOTARIADO%20COLOMBIANO!5e0!3m2!1ses!2sco!4v1610720557466!5m2!1ses!2sco\" width=\"500\" height=\"150\" frameborder=\"0\" style=\"border:0;\" allowfullscreen=\"\" aria-hidden=\"false\" tabindex=\"0\"><\/iframe>[\/et_pb_text][\/et_pb_column][et_pb_column type=\u00bb1_2&#8243; _builder_version=\u00bb4.7.4&#8243; _module_preset=\u00bbdefault\u00bb][et_pb_contact_form captcha=\u00bboff\u00bb title=\u00bbCont\u00e1ctese con nosotros\u00bb _builder_version=\u00bb4.7.4&#8243; _module_preset=\u00bbdefault\u00bb title_font=\u00bbMontserrat|700|||||||\u00bb title_text_color=\u00bb#FFFFFF\u00bb title_font_size=\u00bb44px\u00bb form_field_font=\u00bbMontserrat||||||||\u00bb form_field_font_size=\u00bb16px\u00bb background_color=\u00bbrgba(68,0,0,0.73)\u00bb custom_button=\u00bbon\u00bb button_text_color=\u00bb#FFFFFF\u00bb button_bg_color=\u00bb#c60000&#8243; button_border_width=\u00bb0px\u00bb button_border_radius=\u00bb41px\u00bb button_font=\u00bbMontserrat|600|||||||\u00bb custom_margin=\u00bb-85px||-93px||false|false\u00bb custom_padding=\u00bb59px|36px|29px|36px|false|true\u00bb][et_pb_contact_field field_id=\u00bbName\u00bb field_title=\u00bbNombre\u00bb fullwidth_field=\u00bbon\u00bb _builder_version=\u00bb4.7.4&#8243; button_text_size__hover_enabled=\u00bboff\u00bb button_one_text_size__hover_enabled=\u00bboff\u00bb button_two_text_size__hover_enabled=\u00bboff\u00bb button_text_color__hover_enabled=\u00bboff\u00bb button_one_text_color__hover_enabled=\u00bboff\u00bb button_two_text_color__hover_enabled=\u00bboff\u00bb button_border_width__hover_enabled=\u00bboff\u00bb button_one_border_width__hover_enabled=\u00bboff\u00bb button_two_border_width__hover_enabled=\u00bboff\u00bb button_border_color__hover_enabled=\u00bboff\u00bb button_one_border_color__hover_enabled=\u00bboff\u00bb button_two_border_color__hover_enabled=\u00bboff\u00bb button_border_radius__hover_enabled=\u00bboff\u00bb button_one_border_radius__hover_enabled=\u00bboff\u00bb button_two_border_radius__hover_enabled=\u00bboff\u00bb button_letter_spacing__hover_enabled=\u00bboff\u00bb button_one_letter_spacing__hover_enabled=\u00bboff\u00bb button_two_letter_spacing__hover_enabled=\u00bboff\u00bb button_bg_color__hover_enabled=\u00bboff\u00bb button_one_bg_color__hover_enabled=\u00bboff\u00bb button_two_bg_color__hover_enabled=\u00bboff\u00bb][\/et_pb_contact_field][et_pb_contact_field field_id=\u00bbtel\u00e9fono\u00bb field_title=\u00bbTel\u00e9fono\u00bb _builder_version=\u00bb4.7.4&#8243; _module_preset=\u00bbdefault\u00bb][\/et_pb_contact_field][et_pb_contact_field field_id=\u00bbEmail\u00bb field_title=\u00bbCorreo electr\u00f3nico\u00bb field_type=\u00bbemail\u00bb _builder_version=\u00bb4.7.4&#8243; button_text_size__hover_enabled=\u00bboff\u00bb button_one_text_size__hover_enabled=\u00bboff\u00bb button_two_text_size__hover_enabled=\u00bboff\u00bb button_text_color__hover_enabled=\u00bboff\u00bb button_one_text_color__hover_enabled=\u00bboff\u00bb button_two_text_color__hover_enabled=\u00bboff\u00bb button_border_width__hover_enabled=\u00bboff\u00bb button_one_border_width__hover_enabled=\u00bboff\u00bb button_two_border_width__hover_enabled=\u00bboff\u00bb button_border_color__hover_enabled=\u00bboff\u00bb button_one_border_color__hover_enabled=\u00bboff\u00bb button_two_border_color__hover_enabled=\u00bboff\u00bb button_border_radius__hover_enabled=\u00bboff\u00bb button_one_border_radius__hover_enabled=\u00bboff\u00bb button_two_border_radius__hover_enabled=\u00bboff\u00bb button_letter_spacing__hover_enabled=\u00bboff\u00bb button_one_letter_spacing__hover_enabled=\u00bboff\u00bb button_two_letter_spacing__hover_enabled=\u00bboff\u00bb button_bg_color__hover_enabled=\u00bboff\u00bb button_one_bg_color__hover_enabled=\u00bboff\u00bb button_two_bg_color__hover_enabled=\u00bboff\u00bb][\/et_pb_contact_field][et_pb_contact_field field_id=\u00bbMessage\u00bb field_title=\u00bbMensaje\u00bb field_type=\u00bbtext\u00bb fullwidth_field=\u00bbon\u00bb _builder_version=\u00bb3.16&#8243; button_text_size__hover_enabled=\u00bboff\u00bb button_one_text_size__hover_enabled=\u00bboff\u00bb button_two_text_size__hover_enabled=\u00bboff\u00bb button_text_color__hover_enabled=\u00bboff\u00bb button_one_text_color__hover_enabled=\u00bboff\u00bb button_two_text_color__hover_enabled=\u00bboff\u00bb button_border_width__hover_enabled=\u00bboff\u00bb button_one_border_width__hover_enabled=\u00bboff\u00bb button_two_border_width__hover_enabled=\u00bboff\u00bb button_border_color__hover_enabled=\u00bboff\u00bb button_one_border_color__hover_enabled=\u00bboff\u00bb button_two_border_color__hover_enabled=\u00bboff\u00bb button_border_radius__hover_enabled=\u00bboff\u00bb button_one_border_radius__hover_enabled=\u00bboff\u00bb button_two_border_radius__hover_enabled=\u00bboff\u00bb button_letter_spacing__hover_enabled=\u00bboff\u00bb button_one_letter_spacing__hover_enabled=\u00bboff\u00bb button_two_letter_spacing__hover_enabled=\u00bboff\u00bb button_bg_color__hover_enabled=\u00bboff\u00bb button_one_bg_color__hover_enabled=\u00bboff\u00bb button_two_bg_color__hover_enabled=\u00bboff\u00bb][\/et_pb_contact_field][\/et_pb_contact_form][\/et_pb_column][\/et_pb_row][\/et_pb_section][et_pb_section fb_built=\u00bb1&#8243; specialty=\u00bbon\u00bb _builder_version=\u00bb4.7.4&#8243; _module_preset=\u00bbdefault\u00bb background_color=\u00bb#191919&#8243; custom_padding=\u00bb0px||0px|||\u00bb global_module=\u00bb275&#8243; saved_tabs=\u00bball\u00bb][et_pb_column type=\u00bb1_2&#8243; specialty_columns=\u00bb2&#8243; _builder_version=\u00bb3.25&#8243; custom_padding=\u00bb|||\u00bb custom_padding__hover=\u00bb|||\u00bb][et_pb_row_inner column_structure=\u00bb1_2,1_2&#8243; _builder_version=\u00bb4.7.4&#8243; _module_preset=\u00bbdefault\u00bb custom_padding=\u00bb52px|||||\u00bb][et_pb_column_inner type=\u00bb1_2&#8243; saved_specialty_column_type=\u00bb1_2&#8243; _builder_version=\u00bb4.7.4&#8243; _module_preset=\u00bbdefault\u00bb][et_pb_text _builder_version=\u00bb4.7.4&#8243; _module_preset=\u00bbdefault\u00bb text_font=\u00bbMontserrat||||||||\u00bb custom_margin=\u00bb||-4px|||\u00bb]<\/p>\n<ul>\n<li>Mapa del Sitio<\/li>\n<li>Traramiento de datos<\/li>\n<li>Politicas de privacidad<\/li>\n<\/ul>\n<p>[\/et_pb_text][et_pb_text _builder_version=\u00bb4.7.4&#8243; _module_preset=\u00bbdefault\u00bb text_font=\u00bbMontserrat||||||||\u00bb]<div class=\"page_counter_label\"><span class=\"page_counter_text\" style=\"color:#707070;background:#191919;\">Contador de visitas: 62<\/span><\/div>[\/et_pb_text][\/et_pb_column_inner][et_pb_column_inner type=\u00bb1_2&#8243; saved_specialty_column_type=\u00bb1_2&#8243; _builder_version=\u00bb4.7.4&#8243; _module_preset=\u00bbdefault\u00bb][et_pb_text _builder_version=\u00bb4.7.4&#8243; _module_preset=\u00bbdefault\u00bb text_font=\u00bbMontserrat||||||||\u00bb custom_margin=\u00bb||-4px|||\u00bb]<\/p>\n<ul>\n<li>FQRS<\/li>\n<li>Preguntas frecuentes<\/li>\n<li>Horarios de atenci\u00f3n<\/li>\n<\/ul>\n<p>[\/et_pb_text][\/et_pb_column_inner][\/et_pb_row_inner][\/et_pb_column][et_pb_column type=\u00bb1_2&#8243; _builder_version=\u00bb3.25&#8243; custom_padding=\u00bb|||\u00bb custom_padding__hover=\u00bb|||\u00bb][et_pb_image src=\u00bbhttp:\/\/107.190.140.202\/~drupalucnccom\/wordpress\/wp-content\/uploads\/2021\/01\/LOGOS.png\u00bb title_text=\u00bbLOGOS\u00bb align=\u00bbcenter\u00bb _builder_version=\u00bb4.7.4&#8243; _module_preset=\u00bbdefault\u00bb custom_padding=\u00bb||0px|||\u00bb][\/et_pb_image][\/et_pb_column][\/et_pb_section]<\/p>\n ","protected":false},"excerpt":{"rendered":"<p>Manuales Proyecto Biom\u00e9tricoEncuentre aqu\u00ed toda la informaci\u00f3n y videos respectivos a conferencias y capacitaciones dictadas por la \u00abU.C.N.C.\u00bb.Encuentre aqu\u00ed todos los softwares y controladores necesarios para la operaci\u00f3n de sus dispositivos biom\u00e9tricos.por la Superintendencia de Notariado y Registro para la prestaci\u00f3n del servicio de Biometr\u00eda.Y encuentre las grabaciones de todas nuestras capacitaciones.(1) 7 46 40 [&hellip;]<\/p>\n","protected":false},"author":1,"featured_media":0,"parent":0,"menu_order":0,"comment_status":"closed","ping_status":"closed","template":"","meta":{"_et_pb_use_builder":"on","_et_pb_old_content":"","_et_gb_content_width":""},"_links":{"self":[{"href":"http:\/\/107.190.140.202\/~drupalucnccom\/wordpress\/index.php?rest_route=\/wp\/v2\/pages\/1056"}],"collection":[{"href":"http:\/\/107.190.140.202\/~drupalucnccom\/wordpress\/index.php?rest_route=\/wp\/v2\/pages"}],"about":[{"href":"http:\/\/107.190.140.202\/~drupalucnccom\/wordpress\/index.php?rest_route=\/wp\/v2\/types\/page"}],"author":[{"embeddable":true,"href":"http:\/\/107.190.140.202\/~drupalucnccom\/wordpress\/index.php?rest_route=\/wp\/v2\/users\/1"}],"replies":[{"embeddable":true,"href":"http:\/\/107.190.140.202\/~drupalucnccom\/wordpress\/index.php?rest_route=%2Fwp%2Fv2%2Fcomments&post=1056"}],"version-history":[{"count":18,"href":"http:\/\/107.190.140.202\/~drupalucnccom\/wordpress\/index.php?rest_route=\/wp\/v2\/pages\/1056\/revisions"}],"predecessor-version":[{"id":1092,"href":"http:\/\/107.190.140.202\/~drupalucnccom\/wordpress\/index.php?rest_route=\/wp\/v2\/pages\/1056\/revisions\/1092"}],"wp:attachment":[{"href":"http:\/\/107.190.140.202\/~drupalucnccom\/wordpress\/index.php?rest_route=%2Fwp%2Fv2%2Fmedia&parent=1056"}],"curies":[{"name":"wp","href":"https:\/\/api.w.org\/{rel}","templated":true}]}}